{"id":1148,"date":"2024-10-22T15:15:44","date_gmt":"2024-10-22T13:15:44","guid":{"rendered":"https:\/\/nowa.zeas-brzozow.pl\/?page_id=1148"},"modified":"2024-10-22T15:15:44","modified_gmt":"2024-10-22T13:15:44","slug":"szkola-podstawowa-nr-2-im-ks-pawla-komborskiego-w-przysietnicy","status":"publish","type":"page","link":"https:\/\/zeas-brzozow.pl\/?page_id=1148","title":{"rendered":"Szko\u0142a Podstawowa nr 2 im. ks. Paw\u0142a Komborskiego w Przysietnicy"},"content":{"rendered":"\n<p>Szko\u0142a Podstawowa nr 2 im. ks. Paw\u0142a Komborskiego w Przysietnicy<br>Przysietnica 514<br>36-200 Brzoz\u00f3w<br>tel. 13 434 94 10<br>e-mail:&nbsp;<a href=\"mailto:gimprzy@poczta.onet.pl\">gimprzy@poczta.onet.pl<\/a><br><a href=\"https:\/\/zsprzysietnica.edupage.org\/\" target=\"_blank\" rel=\"noreferrer noopener\">www.zsprzysietnica.edupage.org<\/a><\/p>\n\n\n\n<p>Dyrektor: <strong>Wies\u0142awa Szarek<\/strong><\/p>\n\n\n\n<iframe src=\"https:\/\/www.google.com\/maps\/embed?pb=!1m14!1m8!1m3!1d2578.7572166065065!2d22.06914148593571!3d49.73419465009398!3m2!1i1024!2i768!4f13.1!3m3!1m2!1s0x473c5d379765b0f9%3A0xc505d762f92f9e7a!2sSzko%C5%82a%20Podstawowa%20nr%202!5e0!3m2!1spl!2sus!4v1729602910797!5m2!1spl!2sus\" width=\"600\" height=\"450\" style=\"border:1px solid black; border-radius:10px;\" allowfullscreen=\"\" loading=\"lazy\" referrerpolicy=\"no-referrer-when-downgrade\"><\/iframe>\n","protected":false},"excerpt":{"rendered":"<p>Szko\u0142a Podstawowa nr 2 im. ks. Paw\u0142a Komborskiego w PrzysietnicyPrzysietnica 51436-200 Brzoz\u00f3wtel. 13 434 94 10e-mail:&nbsp;gimprzy@poczta.onet.plwww.zsprzysietnica.edupage.org Dyrektor: Wies\u0142awa Szarek<\/p>\n","protected":false},"author":1,"featured_media":0,"parent":0,"menu_order":0,"comment_status":"closed","ping_status":"closed","template":"","meta":{"footnotes":""},"class_list":["post-1148","page","type-page","status-publish","hentry"],"_links":{"self":[{"href":"https:\/\/zeas-brzozow.pl\/index.php?rest_route=\/wp\/v2\/pages\/1148","targetHints":{"allow":["GET"]}}],"collection":[{"href":"https:\/\/zeas-brzozow.pl\/index.php?rest_route=\/wp\/v2\/pages"}],"about":[{"href":"https:\/\/zeas-brzozow.pl\/index.php?rest_route=\/wp\/v2\/types\/page"}],"author":[{"embeddable":true,"href":"https:\/\/zeas-brzozow.pl\/index.php?rest_route=\/wp\/v2\/users\/1"}],"replies":[{"embeddable":true,"href":"https:\/\/zeas-brzozow.pl\/index.php?rest_route=%2Fwp%2Fv2%2Fcomments&post=1148"}],"version-history":[{"count":1,"href":"https:\/\/zeas-brzozow.pl\/index.php?rest_route=\/wp\/v2\/pages\/1148\/revisions"}],"predecessor-version":[{"id":1149,"href":"https:\/\/zeas-brzozow.pl\/index.php?rest_route=\/wp\/v2\/pages\/1148\/revisions\/1149"}],"wp:attachment":[{"href":"https:\/\/zeas-brzozow.pl\/index.php?rest_route=%2Fwp%2Fv2%2Fmedia&parent=1148"}],"curies":[{"name":"wp","href":"https:\/\/api.w.org\/{rel}","templated":true}]}}