{"id":1151,"date":"2024-10-22T15:21:55","date_gmt":"2024-10-22T13:21:55","guid":{"rendered":"https:\/\/nowa.zeas-brzozow.pl\/?page_id=1151"},"modified":"2024-10-22T15:21:55","modified_gmt":"2024-10-22T13:21:55","slug":"przedszkole-samorzadowe-im-sw-jana-pawla-ii","status":"publish","type":"page","link":"https:\/\/zeas-brzozow.pl\/?page_id=1151","title":{"rendered":"Przedszkole Samorz\u0105dowe im. \u015bw. Jana Paw\u0142a II"},"content":{"rendered":"\n<p>Przedszkole Samorz\u0105dowe im. \u015bw. Jana Paw\u0142a II<br>Stara Wie\u015b&nbsp; 790 A<br>36-200 Brzoz\u00f3w<br>tel. 13 434 25 21<br><a href=\"https:\/\/przedszkolestarawies.wordpress.com\/\" target=\"_blank\" rel=\"noreferrer noopener\">www.przedszkolestarawies.wordpress.com<\/a><\/p>\n\n\n\n<p>Dyrektor: <strong>Ma\u0142gorzata Florczak<\/strong><\/p>\n\n\n\n<iframe src=\"https:\/\/www.google.com\/maps\/embed?pb=!1m18!1m12!1m3!1d2579.911464461755!2d22.0116027289155!3d49.712468490737834!2m3!1f0!2f0!3f0!3m2!1i1024!2i768!4f13.1!3m3!1m2!1s0x473c42d9560bcb43%3A0x9eade152da23655d!2sStara%20Wie%C5%9B%20790A%2C%2036-200%20Stara%20Wie%C5%9B%2C%20Polska!5e0!3m2!1spl!2sus!4v1729603283844!5m2!1spl!2sus\" width=\"600\" height=\"450\" style=\"border:1px solid black; border-radius: 10px;\" allowfullscreen=\"\" loading=\"lazy\" referrerpolicy=\"no-referrer-when-downgrade\"><\/iframe>\n","protected":false},"excerpt":{"rendered":"<p>Przedszkole Samorz\u0105dowe im. \u015bw. Jana Paw\u0142a IIStara Wie\u015b&nbsp; 790 A36-200 Brzoz\u00f3wtel. 13 434 25 21www.przedszkolestarawies.wordpress.com Dyrektor: Ma\u0142gorzata Florczak<\/p>\n","protected":false},"author":1,"featured_media":0,"parent":0,"menu_order":0,"comment_status":"closed","ping_status":"closed","template":"","meta":{"footnotes":""},"class_list":["post-1151","page","type-page","status-publish","hentry"],"_links":{"self":[{"href":"https:\/\/zeas-brzozow.pl\/index.php?rest_route=\/wp\/v2\/pages\/1151","targetHints":{"allow":["GET"]}}],"collection":[{"href":"https:\/\/zeas-brzozow.pl\/index.php?rest_route=\/wp\/v2\/pages"}],"about":[{"href":"https:\/\/zeas-brzozow.pl\/index.php?rest_route=\/wp\/v2\/types\/page"}],"author":[{"embeddable":true,"href":"https:\/\/zeas-brzozow.pl\/index.php?rest_route=\/wp\/v2\/users\/1"}],"replies":[{"embeddable":true,"href":"https:\/\/zeas-brzozow.pl\/index.php?rest_route=%2Fwp%2Fv2%2Fcomments&post=1151"}],"version-history":[{"count":1,"href":"https:\/\/zeas-brzozow.pl\/index.php?rest_route=\/wp\/v2\/pages\/1151\/revisions"}],"predecessor-version":[{"id":1152,"href":"https:\/\/zeas-brzozow.pl\/index.php?rest_route=\/wp\/v2\/pages\/1151\/revisions\/1152"}],"wp:attachment":[{"href":"https:\/\/zeas-brzozow.pl\/index.php?rest_route=%2Fwp%2Fv2%2Fmedia&parent=1151"}],"curies":[{"name":"wp","href":"https:\/\/api.w.org\/{rel}","templated":true}]}}