{"id":1153,"date":"2024-10-22T15:26:56","date_gmt":"2024-10-22T13:26:56","guid":{"rendered":"https:\/\/nowa.zeas-brzozow.pl\/?page_id=1153"},"modified":"2024-10-22T15:26:57","modified_gmt":"2024-10-22T13:26:57","slug":"szkola-podstawowa-im-najswietszego-serca-jezusa","status":"publish","type":"page","link":"https:\/\/zeas-brzozow.pl\/?page_id=1153","title":{"rendered":"Szko\u0142a Podstawowa im. Naj\u015bwi\u0119tszego Serca Jezusa"},"content":{"rendered":"\n<p>Szko\u0142a Podstawowa im. Naj\u015bwi\u0119tszego Serca Jezusa<br>Stara Wie\u015b 790<br>36-200 Brzoz\u00f3w<br>tel. 13 434 25 25<br>e-mail:&nbsp;<a href=\"mailto:sp@szkolastarawies.pl\">sp@szkolastarawies.pl<\/a><br><a href=\"http:\/\/www.spstarawies.net.pl\/\" target=\"_blank\" rel=\"noreferrer noopener\">www.spstarawies.net.pl<\/a><\/p>\n\n\n\n<p>Dyrektor: <strong>Piotr Niecko<\/strong><\/p>\n\n\n\n<iframe src=\"https:\/\/www.google.com\/maps\/embed?pb=!1m18!1m12!1m3!1d4343.054878534609!2d22.000931103144428!3d49.66568113496936!2m3!1f0!2f0!3f0!3m2!1i1024!2i768!4f13.1!3m3!1m2!1s0x473c426aadb4a4cf%3A0x3f01e2828012591e!2sSzko%C5%82a%20Podstawowa%20im.%20prof.%20Waleriana%20Pa%C5%84ki%20w%20Turzym%20Polu!5e0!3m2!1spl!2sus!4v1729603579278!5m2!1spl!2sus\" width=\"600\" height=\"450\" style=\"border:1px solid black;border-radius:10px;\" allowfullscreen=\"\" loading=\"lazy\" referrerpolicy=\"no-referrer-when-downgrade\"><\/iframe>\n","protected":false},"excerpt":{"rendered":"<p>Szko\u0142a Podstawowa im. Naj\u015bwi\u0119tszego Serca JezusaStara Wie\u015b 79036-200 Brzoz\u00f3wtel. 13 434 25 25e-mail:&nbsp;sp@szkolastarawies.plwww.spstarawies.net.pl Dyrektor: Piotr Niecko<\/p>\n","protected":false},"author":1,"featured_media":0,"parent":0,"menu_order":0,"comment_status":"closed","ping_status":"closed","template":"","meta":{"footnotes":""},"class_list":["post-1153","page","type-page","status-publish","hentry"],"_links":{"self":[{"href":"https:\/\/zeas-brzozow.pl\/index.php?rest_route=\/wp\/v2\/pages\/1153","targetHints":{"allow":["GET"]}}],"collection":[{"href":"https:\/\/zeas-brzozow.pl\/index.php?rest_route=\/wp\/v2\/pages"}],"about":[{"href":"https:\/\/zeas-brzozow.pl\/index.php?rest_route=\/wp\/v2\/types\/page"}],"author":[{"embeddable":true,"href":"https:\/\/zeas-brzozow.pl\/index.php?rest_route=\/wp\/v2\/users\/1"}],"replies":[{"embeddable":true,"href":"https:\/\/zeas-brzozow.pl\/index.php?rest_route=%2Fwp%2Fv2%2Fcomments&post=1153"}],"version-history":[{"count":1,"href":"https:\/\/zeas-brzozow.pl\/index.php?rest_route=\/wp\/v2\/pages\/1153\/revisions"}],"predecessor-version":[{"id":1154,"href":"https:\/\/zeas-brzozow.pl\/index.php?rest_route=\/wp\/v2\/pages\/1153\/revisions\/1154"}],"wp:attachment":[{"href":"https:\/\/zeas-brzozow.pl\/index.php?rest_route=%2Fwp%2Fv2%2Fmedia&parent=1153"}],"curies":[{"name":"wp","href":"https:\/\/api.w.org\/{rel}","templated":true}]}}