{"id":1157,"date":"2024-10-22T15:36:31","date_gmt":"2024-10-22T13:36:31","guid":{"rendered":"https:\/\/nowa.zeas-brzozow.pl\/?page_id=1157"},"modified":"2024-10-22T15:52:16","modified_gmt":"2024-10-22T13:52:16","slug":"szkola-podstawowa-im-prof-waleriana-panki-w-turzym-polu","status":"publish","type":"page","link":"https:\/\/zeas-brzozow.pl\/?page_id=1157","title":{"rendered":"Szko\u0142a Podstawowa im. prof. Waleriana Pa\u0144ki w  Turzym Polu"},"content":{"rendered":"\n<p>Szko\u0142a Podstawowa im. prof. Waleriana Pa\u0144ki<br>z oddzia\u0142em przedszkolnym<br>Turze Pole 152<br>36-200 Brzoz\u00f3w<br>tel. 13 43 41 391<br>e-mail:\u00a0<a href=\"mailto:spturze@poczta.onet.pl\" target=\"_blank\" rel=\"noreferrer noopener\">spturze@poczta.onet.pl<\/a><br><a href=\"http:\/\/www.zsturzepole.edu.pl\/\" target=\"_blank\" rel=\"noreferrer noopener\">www.zsturzepole.edu.pl<\/a><\/p>\n\n\n\n<p>Dyrektor: <strong>Zuzanna Konieczna<\/strong><\/p>\n\n\n\n<iframe src=\"https:\/\/www.google.com\/maps\/embed?pb=!1m14!1m8!1m3!1d7304.330871326464!2d21.999196343034143!3d49.66426699319989!3m2!1i1024!2i768!4f13.1!3m3!1m2!1s0x473c426aadb4a4cf%3A0x3f01e2828012591e!2sSzko%C5%82a%20Podstawowa%20im.%20prof.%20Waleriana%20Pa%C5%84ki%20w%20Turzym%20Polu!5e0!3m2!1spl!2sus!4v1729604138344!5m2!1spl!2sus\" width=\"600\" height=\"450\" style=\"border:1px solid black;border-radius:10px;\" allowfullscreen=\"\" loading=\"lazy\" referrerpolicy=\"no-referrer-when-downgrade\"><\/iframe>\n","protected":false},"excerpt":{"rendered":"<p>Szko\u0142a Podstawowa im. prof. Waleriana Pa\u0144kiz oddzia\u0142em przedszkolnymTurze Pole 15236-200 Brzoz\u00f3wtel. 13 43 41 391e-mail:\u00a0spturze@poczta.onet.plwww.zsturzepole.edu.pl Dyrektor: Zuzanna Konieczna<\/p>\n","protected":false},"author":1,"featured_media":0,"parent":0,"menu_order":0,"comment_status":"closed","ping_status":"closed","template":"","meta":{"footnotes":""},"class_list":["post-1157","page","type-page","status-publish","hentry"],"_links":{"self":[{"href":"https:\/\/zeas-brzozow.pl\/index.php?rest_route=\/wp\/v2\/pages\/1157","targetHints":{"allow":["GET"]}}],"collection":[{"href":"https:\/\/zeas-brzozow.pl\/index.php?rest_route=\/wp\/v2\/pages"}],"about":[{"href":"https:\/\/zeas-brzozow.pl\/index.php?rest_route=\/wp\/v2\/types\/page"}],"author":[{"embeddable":true,"href":"https:\/\/zeas-brzozow.pl\/index.php?rest_route=\/wp\/v2\/users\/1"}],"replies":[{"embeddable":true,"href":"https:\/\/zeas-brzozow.pl\/index.php?rest_route=%2Fwp%2Fv2%2Fcomments&post=1157"}],"version-history":[{"count":1,"href":"https:\/\/zeas-brzozow.pl\/index.php?rest_route=\/wp\/v2\/pages\/1157\/revisions"}],"predecessor-version":[{"id":1158,"href":"https:\/\/zeas-brzozow.pl\/index.php?rest_route=\/wp\/v2\/pages\/1157\/revisions\/1158"}],"wp:attachment":[{"href":"https:\/\/zeas-brzozow.pl\/index.php?rest_route=%2Fwp%2Fv2%2Fmedia&parent=1157"}],"curies":[{"name":"wp","href":"https:\/\/api.w.org\/{rel}","templated":true}]}}