{"id":127,"date":"2024-10-17T09:00:30","date_gmt":"2024-10-17T07:00:30","guid":{"rendered":"http:\/\/demo.hashthemes.com\/square\/?page_id=127"},"modified":"2024-10-17T10:16:02","modified_gmt":"2024-10-17T08:16:02","slug":"nasze-zadania","status":"publish","type":"page","link":"https:\/\/zeas-brzozow.pl\/?page_id=127","title":{"rendered":"Nasze zadania"},"content":{"rendered":"\n<p><\/p>\n\n\n\n<h4 class=\"wp-block-heading\">Do zada\u0144 Zespo\u0142u Ekonomiczno \u2013 Administracyjnego Szk\u00f3\u0142 w Brzozowie nale\u017cy:<\/h4>\n\n\n\n<p><\/p>\n\n\n\n<p><strong>W zakresie spraw merytorycznych, administracyjnych i organizacyjnych:<\/strong><\/p>\n\n\n\n<ol class=\"wp-block-list\">\n<li>Prowadzenie akt osobowych pracownik\u00f3w, plac\u00f3wek o\u015bwiatowych i pracownik\u00f3w ZEAS z wyj\u0105tkiem akt osobowych dyrektor\u00f3w plac\u00f3wek o\u015bwiatowych i dyrektora ZEAS.<\/li>\n\n\n\n<li>Wsp\u00f3\u0142praca z dyrektorami plac\u00f3wek o\u015bwiatowych w zakresie realizacji rz\u0105dowych program\u00f3w pomocowych, w tym rozliczanie przyznanych dotacji.<\/li>\n\n\n\n<li>Prowadzenie bazy danych o\u015bwiatowych w zakresie zada\u0144 przewidzianych dla organu prowadz\u0105cego \u2013 System Informacji O\u015bwiatowej.<\/li>\n\n\n\n<li>Prowadzenie nadzoru nad remontami oraz sprawami technicznymi w jednostkach o\u015bwiatowych z uwzgl\u0119dnieniem prowadzenia ksi\u0105\u017cek obiektu budowlanego.<\/li>\n\n\n\n<li>Nadz\u00f3r nad dowozem uczni\u00f3w do szk\u00f3\u0142.<\/li>\n\n\n\n<li>Przygotowywanie na potrzeby Burmistrza Brzozowa niezb\u0119dnych materia\u0142\u00f3w i informacji, dotycz\u0105cych o\u015bwiaty i wychowania.<\/li>\n<\/ol>\n\n\n\n<p><strong>W zakresie spraw finansowo \u2013 ksi\u0119gowych obs\u0142ugiwanych plac\u00f3wek o\u015bwiatowych:<\/strong><\/p>\n\n\n\n<ol class=\"wp-block-list\">\n<li>Prowadzenie obs\u0142ugi finansowo \u2013 ksi\u0119gowej dochod\u00f3w i wydatk\u00f3w obs\u0142ugiwanych plac\u00f3wek o\u015bwiatowych, w tym w szczeg\u00f3lno\u015bci:\n<ul class=\"wp-block-list\">\n<li>Przedstawienie Burmistrzowi Brzozowa jednostkowych wniosk\u00f3w w sprawie zmian w planach finansowych plac\u00f3wek o\u015bwiatowych,<\/li>\n\n\n\n<li>Sporz\u0105dzanie jednostkowych sprawozda\u0144 i informacji opisowych z wykonania plan\u00f3w finansowych obs\u0142ugiwanych plac\u00f3wek o\u015bwiatowych, zgodnie z obowi\u0105zuj\u0105cymi w tym zakresie przepisami,<\/li>\n\n\n\n<li>Sporz\u0105dzanie kwartalnych i rocznych sprawozda\u0144 GUS;<\/li>\n<\/ul>\n<\/li>\n\n\n\n<li>Prowadzenie rachunkowo\u015bci obs\u0142ugiwanych plac\u00f3wek o\u015bwiatowych z uwzgl\u0119dnieniem:\n<ul class=\"wp-block-list\">\n<li>Og\u00f3lnych przepis\u00f3w okre\u015blaj\u0105cych zasady rachunkowo\u015bci obowi\u0105zuj\u0105ce w obs\u0142ugiwanych plac\u00f3wkach o\u015bwiatowych,<\/li>\n\n\n\n<li>Dokumentacji wewn\u0119trznej sporz\u0105dzonej przez dyrektor\u00f3w plac\u00f3wek o\u015bwiatowych, opisuj\u0105cej przyj\u0119te w nich zasady rachunkowo\u015bci (polityka rachunkowo\u015bci),<\/li>\n\n\n\n<li>Instrukcji obiegu, kontroli i archiwizowania dokument\u00f3w finansowo \u2013 ksi\u0119gowych, zatwierdzonych do stosowania przez dyrektor\u00f3w obs\u0142ugiwanych plac\u00f3wek o\u015bwiatowych,<\/li>\n\n\n\n<li>Sprawowania bie\u017c\u0105cej kontroli i analizowania realizacji plan\u00f3w finansowych obs\u0142ugiwanych plac\u00f3wek,<\/li>\n\n\n\n<li>Gromadzenia i przechowywania dowod\u00f3w ksi\u0119gowych oraz pozosta\u0142ej dokumentacji finansowej obs\u0142ugiwanych jednostek zgodnie z obowi\u0105zuj\u0105cymi przepisami w sprawie przechowywania akt oraz przekazywania akt do sk\u0142adnicy akt,<\/li>\n\n\n\n<li>Informowanie dyrektor\u00f3w plac\u00f3wek o\u015bwiatowych o zmianach w przepisach dotycz\u0105cych spraw finansowych oraz obowi\u0105zuj\u0105cych zasadach rachunkowo\u015bci;<\/li>\n<\/ul>\n<\/li>\n\n\n\n<li>Prowadzenie obs\u0142ugi p\u0142acowej plac\u00f3wek o\u015bwiatowych, w tym:\n<ul class=\"wp-block-list\">\n<li>Sporz\u0105dzanie list wynagrodze\u0144 pracownik\u00f3w zatrudnionych w obs\u0142ugiwanych jednostkach na podstawie akt\u00f3w prawnych, niezb\u0119dnych przy naliczaniu wynagrodze\u0144 w o\u015bwiacie i dokumentacji kadrowej,<\/li>\n\n\n\n<li>Ewidencjonowanie danych o zatrudnieniu i wynagrodzeniu pracownik\u00f3w obs\u0142ugiwanych plac\u00f3wek o\u015bwiatowych,<\/li>\n\n\n\n<li>Dokonywanie wymaganych rozlicze\u0144 z Zak\u0142adem Ubezpiecze\u0144 Spo\u0142ecznych oraz Urz\u0119dem Skarbowym,<\/li>\n\n\n\n<li>Sporz\u0105dzanie wymaganych sprawozda\u0144 zgodnie z obowi\u0105zuj\u0105cymi w tym zakresie przepisami;<\/li>\n<\/ul>\n<\/li>\n\n\n\n<li>Prowadzenie obs\u0142ugi finansowo \u2013 ksi\u0119gowej Zak\u0142adowego Funduszu \u015awiadcze\u0144 Socjalnych obs\u0142ugiwanych plac\u00f3wek o\u015bwiatowych.<\/li>\n<\/ol>\n","protected":false},"excerpt":{"rendered":"<p>Do zada\u0144 Zespo\u0142u Ekonomiczno \u2013 Administracyjnego Szk\u00f3\u0142 w Brzozowie nale\u017cy: W zakresie spraw merytorycznych, administracyjnych i organizacyjnych: W zakresie spraw finansowo \u2013 ksi\u0119gowych obs\u0142ugiwanych plac\u00f3wek o\u015bwiatowych:<\/p>\n","protected":false},"author":1,"featured_media":0,"parent":0,"menu_order":0,"comment_status":"closed","ping_status":"closed","template":"","meta":{"footnotes":""},"class_list":["post-127","page","type-page","status-publish","hentry"],"_links":{"self":[{"href":"https:\/\/zeas-brzozow.pl\/index.php?rest_route=\/wp\/v2\/pages\/127","targetHints":{"allow":["GET"]}}],"collection":[{"href":"https:\/\/zeas-brzozow.pl\/index.php?rest_route=\/wp\/v2\/pages"}],"about":[{"href":"https:\/\/zeas-brzozow.pl\/index.php?rest_route=\/wp\/v2\/types\/page"}],"author":[{"embeddable":true,"href":"https:\/\/zeas-brzozow.pl\/index.php?rest_route=\/wp\/v2\/users\/1"}],"replies":[{"embeddable":true,"href":"https:\/\/zeas-brzozow.pl\/index.php?rest_route=%2Fwp%2Fv2%2Fcomments&post=127"}],"version-history":[{"count":2,"href":"https:\/\/zeas-brzozow.pl\/index.php?rest_route=\/wp\/v2\/pages\/127\/revisions"}],"predecessor-version":[{"id":853,"href":"https:\/\/zeas-brzozow.pl\/index.php?rest_route=\/wp\/v2\/pages\/127\/revisions\/853"}],"wp:attachment":[{"href":"https:\/\/zeas-brzozow.pl\/index.php?rest_route=%2Fwp%2Fv2%2Fmedia&parent=127"}],"curies":[{"name":"wp","href":"https:\/\/api.w.org\/{rel}","templated":true}]}}