{"id":131,"date":"2024-10-17T09:11:08","date_gmt":"2024-10-17T07:11:08","guid":{"rendered":"http:\/\/demo.hashthemes.com\/square\/?page_id=131"},"modified":"2026-03-03T14:10:41","modified_gmt":"2026-03-03T13:10:41","slug":"struktura-organizacyjna","status":"publish","type":"page","link":"https:\/\/zeas-brzozow.pl\/?page_id=131","title":{"rendered":"Struktura organizacyjna"},"content":{"rendered":"\t\t<div data-elementor-type=\"wp-page\" data-elementor-id=\"131\" class=\"elementor elementor-131\">\n\t\t\t\t<div class=\"elementor-element elementor-element-8830009 e-flex e-con-boxed e-con e-parent\" data-id=\"8830009\" data-element_type=\"container\">\n\t\t\t\t\t<div class=\"e-con-inner\">\n\t\t\t\t<div class=\"elementor-element elementor-element-65e98f0 elementor-widget elementor-widget-text-editor\" data-id=\"65e98f0\" data-element_type=\"widget\" data-widget_type=\"text-editor.default\">\n\t\t\t\t<div class=\"elementor-widget-container\">\n\t\t\t\t\t\t\t<h4 style=\"text-align: center;\"><strong>DYREKTOR<\/strong><\/h4><h5 style=\"text-align: center;\"><strong>J\u00f3zef Baran<\/strong><\/h5><p style=\"text-align: center;\"><a href=\"mailto:j.baran@zeas-brzozow.pl\">j.baran@zeas-brzozow.pl<\/a><br \/><a href=\"mailto:baranjozef1@gmail.com\">baranjozef1@gmail.com<\/a><\/p>\t\t\t\t\t\t<\/div>\n\t\t\t\t<\/div>\n\t\t\t\t\t<\/div>\n\t\t\t\t<\/div>\n\t\t<div class=\"elementor-element elementor-element-9251006 e-flex e-con-boxed e-con e-parent\" data-id=\"9251006\" data-element_type=\"container\">\n\t\t\t\t\t<div class=\"e-con-inner\">\n\t\t\t\t<div class=\"elementor-element elementor-element-c0eddf3 elementor-widget elementor-widget-text-editor\" data-id=\"c0eddf3\" data-element_type=\"widget\" data-widget_type=\"text-editor.default\">\n\t\t\t\t<div class=\"elementor-widget-container\">\n\t\t\t\t\t\t\t<h5 style=\"text-align: center;\"><strong>SEKRETARIAT:<\/strong><\/h5><p style=\"text-align: center;\">tel: 13 43 413 44<br \/><a href=\"mailto:zeasbrzozow@poczta.onet.pl\">zeasbrzozow@poczta.onet.pl<\/a><br \/><a href=\"mailto:sekretariat@zeas-brzozow.pl\">sekretariat@zeas-brzozow.pl<\/a><\/p><p>\u00a0 \u00a0 \u00a0 \u00a0 \u00a0 \u00a0 \u00a0 \u00a0 \u00a0 \u00a0 \u00a0 \u00a0 \u00a0 \u00a0 \u00a0 \u00a0 \u00a0 \u00a0 \u00a0 \u00a0 \u00a0 \u00a0 \u00a0 \u00a0 \u00a0 \u00a0 \u00a0 \u00a0 \u00a0 \u00a0 \u00a0 \u00a0 \u00a0 \u00a0 \u00a0 \u00a0 \u00a0 \u00a0 \u00a0 \u00a0 Adres do e -Dor\u0119cze\u0144: <strong>AE:PL-25887-47727-ITUDR-16<\/strong><\/p>\t\t\t\t\t\t<\/div>\n\t\t\t\t<\/div>\n\t\t\t\t\t<\/div>\n\t\t\t\t<\/div>\n\t\t<div class=\"elementor-element elementor-element-3ca5c16 e-flex e-con-boxed e-con e-parent\" data-id=\"3ca5c16\" data-element_type=\"container\">\n\t\t\t\t\t<div class=\"e-con-inner\">\n\t\t<div class=\"elementor-element elementor-element-8175e6c e-con-full e-flex e-con e-child\" data-id=\"8175e6c\" data-element_type=\"container\">\n\t\t\t\t<div class=\"elementor-element elementor-element-513e98f elementor-widget elementor-widget-text-editor\" data-id=\"513e98f\" data-element_type=\"widget\" data-widget_type=\"text-editor.default\">\n\t\t\t\t<div class=\"elementor-widget-container\">\n\t\t\t\t\t\t\t<p style=\"text-align: right;\"><b>Ewa Dytko<br \/><\/b><span style=\"color: var(--square-body-color, #404040); font-family: var(--square-body-family, 'Open Sans', sans-serif); font-size: var(--square-body-size, 16px); font-style: var(--square-body-style, normal); font-weight: var(--square-body-weight, 400); letter-spacing: var(--square-body-letter-spacing, 0); text-transform: var(--square-body-text-transform, none);\">Specjalista do spraw administracyjnych<br \/><\/span><a href=\"mailto:sekretariat@zeas-brzozow.pl\">sekretariat@zeas-brzozow.pl<\/a><\/p>\t\t\t\t\t\t<\/div>\n\t\t\t\t<\/div>\n\t\t\t\t<\/div>\n\t\t<div class=\"elementor-element elementor-element-93735a5 e-con-full e-flex e-con e-child\" data-id=\"93735a5\" data-element_type=\"container\">\n\t\t\t\t<div class=\"elementor-element elementor-element-5209104 elementor-widget elementor-widget-text-editor\" data-id=\"5209104\" data-element_type=\"widget\" data-widget_type=\"text-editor.default\">\n\t\t\t\t<div class=\"elementor-widget-container\">\n\t\t\t\t\t\t\t<p><b>Arkadiusz Cyganik<\/b><br \/>Pomoc administracyjna<br \/><a href=\"mailto:a.cyganik@zeas-brzozow.pl\">a.cyganik@zeas-brzozow.pl<\/a><\/p>\t\t\t\t\t\t<\/div>\n\t\t\t\t<\/div>\n\t\t\t\t<\/div>\n\t\t\t\t\t<\/div>\n\t\t\t\t<\/div>\n\t\t<div class=\"elementor-element elementor-element-8033da7 e-flex e-con-boxed e-con e-parent\" data-id=\"8033da7\" data-element_type=\"container\" data-settings=\"{&quot;background_background&quot;:&quot;classic&quot;}\">\n\t\t\t\t\t<div class=\"e-con-inner\">\n\t\t<div class=\"elementor-element elementor-element-eb6d3c0 e-con-full e-flex e-con e-child\" data-id=\"eb6d3c0\" data-element_type=\"container\" data-settings=\"{&quot;background_background&quot;:&quot;classic&quot;}\">\n\t\t\t\t<div class=\"elementor-element elementor-element-31b81e6 elementor-invisible elementor-widget elementor-widget-text-editor\" data-id=\"31b81e6\" data-element_type=\"widget\" data-settings=\"{&quot;_animation&quot;:&quot;fadeInLeft&quot;}\" data-widget_type=\"text-editor.default\">\n\t\t\t\t<div class=\"elementor-widget-container\">\n\t\t\t\t\t\t\t<p style=\"text-align: right;\"><b>KSI\u0118GOWO\u015a\u0106:<\/b><\/p><p style=\"text-align: right;\"><b>Renata Kwieci\u0144ska<\/b><br \/>G\u0142\u00f3wny ksi\u0119gowy<br \/><a href=\"mailto:r.kwiecinska@zeas-brzozow.pl\">r.kwiecinska@zeas-brzozow.pl<\/a><\/p><p style=\"text-align: right;\"><strong style=\"text-align: start;\">Ewelina \u015awi\u0105tek<\/strong><br style=\"text-align: start;\" \/><span style=\"text-align: start;\">Starszy ksi\u0119gowy<br \/><a href=\"mailto:e.swiatek@zeas-brzozow.pl\">e.swiatek@zeas-brzozow.pl<\/a><\/span><\/p><p style=\"text-align: right;\"><strong style=\"text-align: start;\">Anna Le\u0144<br \/><\/strong><span style=\"text-align: start;\">Samodzielny referent<\/span><br \/><a href=\"mailto:a.len@zeas-brzozow.pl\">a.len@zeas-brzozow.pl<\/a><\/p><p style=\"text-align: right;\"><b>Danuta Brajta<\/b><br \/>Samodzielny referent<br \/><a href=\"mailto:d.brajta@zeas-brzozow.pl\">d.brajta@zeas-brzozow.pl<\/a><\/p>\t\t\t\t\t\t<\/div>\n\t\t\t\t<\/div>\n\t\t\t\t<\/div>\n\t\t<div class=\"elementor-element elementor-element-f6cb673 e-con-full e-flex e-con e-child\" data-id=\"f6cb673\" data-element_type=\"container\">\n\t\t\t\t<div class=\"elementor-element elementor-element-82e738f elementor-invisible elementor-widget elementor-widget-text-editor\" data-id=\"82e738f\" data-element_type=\"widget\" data-settings=\"{&quot;_animation&quot;:&quot;fadeInRight&quot;}\" data-widget_type=\"text-editor.default\">\n\t\t\t\t<div class=\"elementor-widget-container\">\n\t\t\t\t\t\t\t<hr \/><p><strong>KADRY:<\/strong><\/p><p><span style=\"font-weight: bold; text-align: right;\">Katarzyna Hansel-Zdybek<\/span><br style=\"text-align: right;\" \/><span style=\"text-align: right;\">Specjalista ds. kadr<\/span><br style=\"text-align: right;\" \/><a href=\"mailto:k.hansel-zdybek@zeas-brzozow.pl\"><span style=\"text-align: right;\">k.hansel-zdybek@zeas-brzozow.pl<\/span><\/a><b><\/b><\/p><p><span style=\"font-weight: bold; text-align: right;\">Anna Wr\u00f3bel<\/span><br style=\"text-align: right;\" \/><span style=\"text-align: right;\">Specjalista ds. BHP<\/span><br style=\"text-align: right;\" \/><a href=\"mailto:a.wrobel@zeas-brzozow.pl\"><span style=\"text-align: right;\">a.wrobel@zeas-brzozow.pl<\/span><\/a><b><\/b><\/p><h6><span style=\"text-align: right;\">\u00a0<\/span>P\u0141ACE:<\/h6><p><b>Anna Sokulska<br \/><\/b>Specjalista ds. p\u0142ac i ZUS<br \/><a href=\"mailto:a.sokulska@zeas-brzozow.pl\">a.sokulska@zeas-brzozow.pl<\/a><\/p><p><b>Marcelina Sowi\u0144ska<\/b><br \/>Samodzielny referent ds. p\u0142ac<br \/><a href=\"mailto:m.sowinska@zeas-brzozow.pl\">m.sowinska@zeas-brzozow.pl<\/a><\/p>\t\t\t\t\t\t<\/div>\n\t\t\t\t<\/div>\n\t\t\t\t<\/div>\n\t\t\t\t\t<\/div>\n\t\t\t\t<\/div>\n\t\t<div class=\"elementor-element elementor-element-6caafb3 e-flex e-con-boxed e-con e-parent\" data-id=\"6caafb3\" data-element_type=\"container\">\n\t\t\t\t\t<div class=\"e-con-inner\">\n\t\t\t\t\t<\/div>\n\t\t\t\t<\/div>\n\t\t<div class=\"elementor-element elementor-element-2aa72c4 e-flex e-con-boxed e-con e-parent\" data-id=\"2aa72c4\" data-element_type=\"container\">\n\t\t\t\t\t<div class=\"e-con-inner\">\n\t\t\t\t\t<\/div>\n\t\t\t\t<\/div>\n\t\t\t\t<\/div>\n\t\t","protected":false},"excerpt":{"rendered":"<p>DYREKTOR J\u00f3zef Baran j.baran@zeas-brzozow.plbaranjozef1@gmail.com SEKRETARIAT: tel: 13 43 413 44zeasbrzozow@poczta.onet.plsekretariat@zeas-brzozow.pl \u00a0 \u00a0 \u00a0 \u00a0 \u00a0 \u00a0 \u00a0 \u00a0 \u00a0 \u00a0 \u00a0 \u00a0 \u00a0 \u00a0 \u00a0 \u00a0 \u00a0 \u00a0 \u00a0 \u00a0 \u00a0 \u00a0 \u00a0 \u00a0 \u00a0 \u00a0 \u00a0 \u00a0 \u00a0 \u00a0 \u00a0 \u00a0 \u00a0 \u00a0 \u00a0 \u00a0 \u00a0 \u00a0 \u00a0 \u00a0 Adres do e -Dor\u0119cze\u0144: AE:PL-25887-47727-ITUDR-16 [&hellip;]<\/p>\n","protected":false},"author":1,"featured_media":0,"parent":0,"menu_order":0,"comment_status":"closed","ping_status":"closed","template":"","meta":{"footnotes":""},"class_list":["post-131","page","type-page","status-publish","hentry"],"_links":{"self":[{"href":"https:\/\/zeas-brzozow.pl\/index.php?rest_route=\/wp\/v2\/pages\/131","targetHints":{"allow":["GET"]}}],"collection":[{"href":"https:\/\/zeas-brzozow.pl\/index.php?rest_route=\/wp\/v2\/pages"}],"about":[{"href":"https:\/\/zeas-brzozow.pl\/index.php?rest_route=\/wp\/v2\/types\/page"}],"author":[{"embeddable":true,"href":"https:\/\/zeas-brzozow.pl\/index.php?rest_route=\/wp\/v2\/users\/1"}],"replies":[{"embeddable":true,"href":"https:\/\/zeas-brzozow.pl\/index.php?rest_route=%2Fwp%2Fv2%2Fcomments&post=131"}],"version-history":[{"count":145,"href":"https:\/\/zeas-brzozow.pl\/index.php?rest_route=\/wp\/v2\/pages\/131\/revisions"}],"predecessor-version":[{"id":1630,"href":"https:\/\/zeas-brzozow.pl\/index.php?rest_route=\/wp\/v2\/pages\/131\/revisions\/1630"}],"wp:attachment":[{"href":"https:\/\/zeas-brzozow.pl\/index.php?rest_route=%2Fwp%2Fv2%2Fmedia&parent=131"}],"curies":[{"name":"wp","href":"https:\/\/api.w.org\/{rel}","templated":true}]}}