{"id":175,"date":"2024-02-13T12:44:53","date_gmt":"2024-02-13T11:44:53","guid":{"rendered":"http:\/\/demo.hashthemes.com\/square\/?page_id=175"},"modified":"2024-11-26T09:29:19","modified_gmt":"2024-11-26T08:29:19","slug":"services","status":"publish","type":"page","link":"https:\/\/zeas-brzozow.pl\/?page_id=175","title":{"rendered":"Zesp\u00f3\u0142 Szk\u00f3\u0142 nr 1 w Przysietnicy"},"content":{"rendered":"\n<p>Przedszkole Samorz\u0105dowe w Przysietnicy<br>Szko\u0142a Podstawowa Nr 1 im. Marii Konopnickiej w Przysietnicy<\/p>\n\n\n\n<p>Przysietnica 198<br>36-200 Brzoz\u00f3w<br>tel. 13 434 90 13<br>e-mail:&nbsp;<a href=\"mailto:przysietnica_szkola@o2.pl\">przysietnica_szkola@o2.pl<\/a><br><a href=\"http:\/\/spp1.brzozow.pl\/\" target=\"_blank\" rel=\"noreferrer noopener\">www.spp1.brzozow.pl<\/a><\/p>\n\n\n\n<p>Dyrektor: <strong>Wies\u0142aw Pa\u0142ka<\/strong><\/p>\n\n\n\n<iframe src=\"https:\/\/www.google.com\/maps\/embed?pb=!1m14!1m8!1m3!1d4337.982030060362!2d22.047174759706753!3d49.72248151761215!3m2!1i1024!2i768!4f13.1!3m3!1m2!1s0x473c5d4a820e2fe1%3A0xc9a3a2660be31f08!2zWmVzcMOzxYIgU3prw7PFgiBOciAxIHcgUHJ6eXNpZXRuaWN5!5e0!3m2!1spl!2sus!4v1729602649093!5m2!1spl!2sus\" width=\"600\" height=\"450\" style=\"border:1px solid black; border-radius:10px;\" allowfullscreen=\"\" loading=\"lazy\" referrerpolicy=\"no-referrer-when-downgrade\"><\/iframe>\n","protected":false},"excerpt":{"rendered":"<p>Przedszkole Samorz\u0105dowe w PrzysietnicySzko\u0142a Podstawowa Nr 1 im. Marii Konopnickiej w Przysietnicy Przysietnica 19836-200 Brzoz\u00f3wtel. 13 434 90 13e-mail:&nbsp;przysietnica_szkola@o2.plwww.spp1.brzozow.pl Dyrektor: Wies\u0142aw Pa\u0142ka<\/p>\n","protected":false},"author":1,"featured_media":0,"parent":0,"menu_order":0,"comment_status":"closed","ping_status":"closed","template":"","meta":{"footnotes":""},"class_list":["post-175","page","type-page","status-publish","hentry"],"_links":{"self":[{"href":"https:\/\/zeas-brzozow.pl\/index.php?rest_route=\/wp\/v2\/pages\/175","targetHints":{"allow":["GET"]}}],"collection":[{"href":"https:\/\/zeas-brzozow.pl\/index.php?rest_route=\/wp\/v2\/pages"}],"about":[{"href":"https:\/\/zeas-brzozow.pl\/index.php?rest_route=\/wp\/v2\/types\/page"}],"author":[{"embeddable":true,"href":"https:\/\/zeas-brzozow.pl\/index.php?rest_route=\/wp\/v2\/users\/1"}],"replies":[{"embeddable":true,"href":"https:\/\/zeas-brzozow.pl\/index.php?rest_route=%2Fwp%2Fv2%2Fcomments&post=175"}],"version-history":[{"count":1,"href":"https:\/\/zeas-brzozow.pl\/index.php?rest_route=\/wp\/v2\/pages\/175\/revisions"}],"predecessor-version":[{"id":1146,"href":"https:\/\/zeas-brzozow.pl\/index.php?rest_route=\/wp\/v2\/pages\/175\/revisions\/1146"}],"wp:attachment":[{"href":"https:\/\/zeas-brzozow.pl\/index.php?rest_route=%2Fwp%2Fv2%2Fmedia&parent=175"}],"curies":[{"name":"wp","href":"https:\/\/api.w.org\/{rel}","templated":true}]}}