{"id":177,"date":"2024-02-13T12:45:03","date_gmt":"2024-02-13T11:45:03","guid":{"rendered":"http:\/\/demo.hashthemes.com\/square\/?page_id=177"},"modified":"2024-11-26T09:28:27","modified_gmt":"2024-11-26T08:28:27","slug":"napisz-do-nas","status":"publish","type":"page","link":"https:\/\/zeas-brzozow.pl\/?page_id=177","title":{"rendered":"Napisz do nas"},"content":{"rendered":"\n        <div class=\"hf-form-tempate\">\n            <form enctype=\"multipart\/form-data\" method=\"post\" class=\"hashform-form hf-form-no-style\" id=\"hf-form-id-dodta6\" novalidate>\n                \n<div class=\"hf-form-preview\" id=\"hf-container-1\">\n            <h3 class=\"hf-form-title\">Napisz do nas<\/h3>\n            <div class=\"hf-container\">\n        <input type=\"hidden\" name=\"hashform_action\" value=\"create\" \/>\n        <input type=\"hidden\" name=\"form_id\" value=\"1\" \/>\n        <input type=\"hidden\" name=\"form_key\" value=\"dodta6\" \/>\n        <input type=\"hidden\" class=\"hashform-form-conditions\" value=\"[]\" \/>\n        <input type=\"hidden\" id=\"hashform_submit_entry_1\" name=\"hashform_submit_entry_1\" value=\"97a74d41c8\" \/><input type=\"hidden\" name=\"_wp_http_referer\" value=\"\/index.php?rest_route=%2Fwp%2Fv2%2Fpages%2F177\" \/>        <div id=\"hf-field-container-1\" class=\"hf-form-field-required hashform-field-type-name hf-label-position-top hf-label-alignment-left hf-form-field\">\n            \n        <div class=\"hf-field-container\" style=\"\">\n                            <label class=\"hf-field-label \">\n                    Podaj dane:                                            <span class=\"hf-field-required\" aria-hidden=\"true\">\n                            *                        <\/span>\n                                    <\/label>\n                        <div class=\"hf-field-content\">\n                \n        <div class=\"hf-grouped-field\" id=\"hf-grouped-field-1\" data-name-layout=\"first_last\">\n            \n                <div id=\"hf-subfield-container-first-1\" class=\"hf-subfield-element hf-subfield-element-first\" data-sub-field-name=\"first\">\n                    <input type=\"text\" id=\"hf-field-3pvrfv-first\" value=\"\" name=\"item_meta[1][first]\" placeholder=\"\">\n                                            <div class=\"hf-field-desc\" id=\"hf-subfield-desc-first-1\">Imi\u0119<\/div>\n                                        <\/div>\n                \n                <div id=\"hf-subfield-container-last-1\" class=\"hf-subfield-element hf-subfield-element-last\" data-sub-field-name=\"last\">\n                    <input type=\"text\" id=\"hf-field-3pvrfv-last\" value=\"\" name=\"item_meta[1][last]\" placeholder=\"\">\n                                            <div class=\"hf-field-desc\" id=\"hf-subfield-desc-last-1\">Nazwisko<\/div>\n                                        <\/div>\n                        <\/div>\n                    <\/div>\n        <\/div>\n                <\/div>\n                <div id=\"hf-field-container-2\" class=\"hf-form-field-required hashform-field-type-email hf-label-position-top hf-label-alignment-left hf-form-field\">\n            \n        <div class=\"hf-field-container\" style=\"\">\n                            <label class=\"hf-field-label \">\n                    Email                                            <span class=\"hf-field-required\" aria-hidden=\"true\">\n                            *                        <\/span>\n                                    <\/label>\n                        <div class=\"hf-field-content\">\n                        <input type=\"email\" id=\"hf-field-iysshv\" value=\"\" name=\"item_meta[2]\" \/>\n                    <\/div>\n        <\/div>\n                <\/div>\n                <div id=\"hf-field-container-3\" class=\"hf-form-field-required hashform-field-type-textarea hf-label-position-top hf-label-alignment-left hf-form-field\">\n            \n        <div class=\"hf-field-container\" style=\"\">\n                            <label class=\"hf-field-label \">\n                    Wiadomo\u015b\u0107                                            <span class=\"hf-field-required\" aria-hidden=\"true\">\n                            *                        <\/span>\n                                    <\/label>\n                        <div class=\"hf-field-content\">\n                        <textarea id=\"hf-field-6psoa9\" name=\"item_meta[3]\" rows=\"6\"><\/textarea>\n                    <\/div>\n        <\/div>\n                <\/div>\n                <div class=\"hf-submit-wrap hf-submit-btn-align-center\">\n            <button class=\"hf-submit-button \" type=\"submit\" >Wy\u015blij wiadomo\u015b\u0107<\/button>\n        <\/div>\n    <\/div>\n    <style class=\"hf-style-content\">#hf-container-1{--hf-desc-typo-font-family : inherit;--hf-desc-typo-font-weight : inherit;--hf-desc-typo-font-style : inherit;--hf-desc-typo-text-transform : inherit;--hf-desc-typo-text-decoration : inherit;--hf-label-typo-font-family : inherit;--hf-label-typo-font-weight : inherit;--hf-label-typo-font-style : inherit;--hf-label-typo-text-transform : inherit;--hf-label-typo-text-decoration : inherit;--hf-validation-typo-font-family : inherit;--hf-validation-typo-font-weight : inherit;--hf-validation-typo-font-style : inherit;--hf-validation-typo-text-transform : inherit;--hf-validation-typo-text-decoration : inherit;--hf-form-title-typo-font-family : inherit;--hf-form-title-typo-font-weight : inherit;--hf-form-title-typo-font-style : inherit;--hf-form-title-typo-text-transform : inherit;--hf-form-title-typo-text-decoration : inherit;--hf-form-desc-typo-font-family : inherit;--hf-form-desc-typo-font-weight : inherit;--hf-form-desc-typo-font-style : inherit;--hf-form-desc-typo-text-transform : inherit;--hf-form-desc-typo-text-decoration : inherit;--hf-heading-typo-font-family : inherit;--hf-heading-typo-font-weight : inherit;--hf-heading-typo-font-style : inherit;--hf-heading-typo-text-transform : inherit;--hf-heading-typo-text-decoration : inherit;--hf-paragraph-typo-font-family : inherit;--hf-paragraph-typo-font-weight : inherit;--hf-paragraph-typo-font-style : inherit;--hf-paragraph-typo-text-transform : inherit;--hf-paragraph-typo-text-decoration : inherit;--hf-field-typo-font-family : inherit;--hf-field-typo-font-weight : inherit;--hf-field-typo-font-style : inherit;--hf-field-typo-text-transform : inherit;--hf-field-typo-text-decoration : inherit;--hf-button-typo-font-family : inherit;--hf-button-typo-font-weight : inherit;--hf-button-typo-font-style : inherit;--hf-button-typo-text-transform : inherit;--hf-button-typo-text-decoration : inherit;--hf-typo-label-font-family : Default;--hf-typo-label-font-weight : 0;--hf-typo-label-font-style : normal;--hf-typo-label-text-transform : inherit;--hf-typo-label-text-decoration : inherit;--hf-typo-desc-font-family : Default;--hf-typo-desc-font-weight : 0;--hf-typo-desc-font-style : normal;--hf-typo-desc-text-transform : inherit;--hf-typo-desc-text-decoration : inherit;--hf-typo-validation-font-family : Default;--hf-typo-validation-font-weight : 0;--hf-typo-validation-font-style : normal;--hf-typo-validation-text-transform : inherit;--hf-typo-validation-text-decoration : inherit;--hf-typo-field-font-family : Default;--hf-typo-field-font-weight : 0;--hf-typo-field-font-style : normal;--hf-typo-field-text-transform : inherit;--hf-typo-field-text-decoration : inherit;--hf-typo-button-font-family : Default;--hf-typo-button-font-weight : 0;--hf-typo-button-font-style : normal;--hf-typo-button-text-transform : inherit;--hf-typo-button-text-decoration : inherit;}<\/style><\/div>            <\/form>\n        <\/div>\n        \n\n\n\n<p><\/p>\n","protected":false},"excerpt":{"rendered":"","protected":false},"author":1,"featured_media":0,"parent":0,"menu_order":0,"comment_status":"closed","ping_status":"closed","template":"","meta":{"footnotes":""},"class_list":["post-177","page","type-page","status-publish","hentry"],"_links":{"self":[{"href":"https:\/\/zeas-brzozow.pl\/index.php?rest_route=\/wp\/v2\/pages\/177","targetHints":{"allow":["GET"]}}],"collection":[{"href":"https:\/\/zeas-brzozow.pl\/index.php?rest_route=\/wp\/v2\/pages"}],"about":[{"href":"https:\/\/zeas-brzozow.pl\/index.php?rest_route=\/wp\/v2\/types\/page"}],"author":[{"embeddable":true,"href":"https:\/\/zeas-brzozow.pl\/index.php?rest_route=\/wp\/v2\/users\/1"}],"replies":[{"embeddable":true,"href":"https:\/\/zeas-brzozow.pl\/index.php?rest_route=%2Fwp%2Fv2%2Fcomments&post=177"}],"version-history":[{"count":2,"href":"https:\/\/zeas-brzozow.pl\/index.php?rest_route=\/wp\/v2\/pages\/177\/revisions"}],"predecessor-version":[{"id":1213,"href":"https:\/\/zeas-brzozow.pl\/index.php?rest_route=\/wp\/v2\/pages\/177\/revisions\/1213"}],"wp:attachment":[{"href":"https:\/\/zeas-brzozow.pl\/index.php?rest_route=%2Fwp%2Fv2%2Fmedia&parent=177"}],"curies":[{"name":"wp","href":"https:\/\/api.w.org\/{rel}","templated":true}]}}