{"id":291,"date":"2024-03-05T19:19:01","date_gmt":"2024-03-05T18:19:01","guid":{"rendered":"http:\/\/demo.hashthemes.com\/square\/?page_id=291"},"modified":"2025-12-10T11:05:50","modified_gmt":"2025-12-10T10:05:50","slug":"przedszkole-brzozow-1","status":"publish","type":"page","link":"https:\/\/zeas-brzozow.pl\/?page_id=291","title":{"rendered":"Przedszkole Samorz\u0105dowe nr 1\u00a0im. B\u0142. s. Celestyny Faron w Brzozowie"},"content":{"rendered":"<p style=\"text-align: center;\">Przedszkole Samorz\u0105dowe nr 1 im. B\u0142. s. Celestyny Faron<br \/>ul. Armii Krajowej 5<br \/>36-200 Brzoz\u00f3w<br \/>tel. 13 434 12 54<br \/><a role=\"link\" href=\"http:\/\/www.ps1brzozow.pl\/\" target=\"_blank\" rel=\"nofollow noopener noreferrer\">www.ps1brzozow.pl<\/a><\/p>\n<p style=\"text-align: center;\">Dyrektor: <em><strong>Izabela Sza\u0142ajko<\/strong><\/em><\/p>\n\n\n<iframe src=\"https:\/\/www.google.com\/maps\/embed?pb=!1m14!1m8!1m3!1d2580.907272346178!2d22.016856000000004!3d49.69371900000001!3m2!1i1024!2i768!4f13.1!3m3!1m2!1s0x473c42f23a4c0e6d%3A0xaec571af127e7409!2sPrzedszkole%20Samorz%C4%85dowe%20nr%201!5e0!3m2!1spl!2sus!4v1729595675636!5m2!1spl!2sus\" width=\"600\" height=\"450\" style=\"border:1px solid black; border-radius: 10px;\" allowfullscreen=\"\" loading=\"lazy\" referrerpolicy=\"no-referrer-when-downgrade\"><\/iframe>\n\n\n\n<p><\/p>\n","protected":false},"excerpt":{"rendered":"<p>Przedszkole Samorz\u0105dowe nr 1 im. B\u0142. s. Celestyny Faronul. Armii Krajowej 536-200 Brzoz\u00f3wtel. 13 434 12 54www.ps1brzozow.pl Dyrektor: Izabela Sza\u0142ajko<\/p>\n","protected":false},"author":1,"featured_media":0,"parent":0,"menu_order":0,"comment_status":"closed","ping_status":"closed","template":"","meta":{"footnotes":""},"class_list":["post-291","page","type-page","status-publish","hentry"],"_links":{"self":[{"href":"https:\/\/zeas-brzozow.pl\/index.php?rest_route=\/wp\/v2\/pages\/291","targetHints":{"allow":["GET"]}}],"collection":[{"href":"https:\/\/zeas-brzozow.pl\/index.php?rest_route=\/wp\/v2\/pages"}],"about":[{"href":"https:\/\/zeas-brzozow.pl\/index.php?rest_route=\/wp\/v2\/types\/page"}],"author":[{"embeddable":true,"href":"https:\/\/zeas-brzozow.pl\/index.php?rest_route=\/wp\/v2\/users\/1"}],"replies":[{"embeddable":true,"href":"https:\/\/zeas-brzozow.pl\/index.php?rest_route=%2Fwp%2Fv2%2Fcomments&post=291"}],"version-history":[{"count":10,"href":"https:\/\/zeas-brzozow.pl\/index.php?rest_route=\/wp\/v2\/pages\/291\/revisions"}],"predecessor-version":[{"id":1615,"href":"https:\/\/zeas-brzozow.pl\/index.php?rest_route=\/wp\/v2\/pages\/291\/revisions\/1615"}],"wp:attachment":[{"href":"https:\/\/zeas-brzozow.pl\/index.php?rest_route=%2Fwp%2Fv2%2Fmedia&parent=291"}],"curies":[{"name":"wp","href":"https:\/\/api.w.org\/{rel}","templated":true}]}}