{"id":293,"date":"2024-03-05T19:19:07","date_gmt":"2024-03-05T18:19:07","guid":{"rendered":"http:\/\/demo.hashthemes.com\/square\/?page_id=293"},"modified":"2024-11-26T09:26:34","modified_gmt":"2024-11-26T08:26:34","slug":"przedszkole-brzozow-2","status":"publish","type":"page","link":"https:\/\/zeas-brzozow.pl\/?page_id=293","title":{"rendered":"Przedszkole Samorz\u0105dowe Nr 2 z Oddzia\u0142ami Integracyjnymi im. Marii Konopnickiej"},"content":{"rendered":"<p style=\"text-align: center;\"><strong>Przedszkole Samorz\u0105dowe Nr 2 <\/strong><strong>z Oddzia\u0142ami Integracyjnymi <\/strong><strong>im. Marii Konopnickiej<\/strong><br \/><strong>w Brzozowie<\/strong><br \/>ul. Ks. J. Bielawskiego 11<br \/>36-200 Brzoz\u00f3w<br \/>tel: 13 43 419 17<br \/>e-mail: <a role=\"link\" href=\"mailto:przedszkole2brzozow@przedszkola.brzozow.pl\" target=\"_blank\" rel=\"noopener noreferrer\">przedszkole2brzozow@przedszkola.brzozow.pl<\/a><br \/>www: <a role=\"link\" href=\"http:\/\/www.ps2.brzozow.pl\/\" target=\"_blank\" rel=\"nofollow noopener noreferrer\">www.ps2.brzozow.pl<\/a><\/p>\n<p style=\"text-align: center;\"><em>Dyrektor:\u00a0<strong>Jolanta Szarek<\/strong><\/em><\/p>\n\n\n<iframe src=\"https:\/\/www.google.com\/maps\/embed?pb=!1m14!1m8!1m3!1d5161.795108665348!2d22.023797!3d49.693902!3m2!1i1024!2i768!4f13.1!3m3!1m2!1s0x473c42ed5f086441%3A0x39b65e481a699f27!2sPrzedszkole%20nr%202%20Samorz%C4%85dowe%20im.%20M.%20Konopnickiej!5e0!3m2!1spl!2sus!4v1729596318037!5m2!1spl!2sus\" width=\"600\" height=\"450\" style=\"border:1px solid black; border-radius:10px;\" allowfullscreen=\"\" loading=\"lazy\" referrerpolicy=\"no-referrer-when-downgrade\"><\/iframe>\n","protected":false},"excerpt":{"rendered":"<p>Przedszkole Samorz\u0105dowe Nr 2 z Oddzia\u0142ami Integracyjnymi im. Marii Konopnickiejw Brzozowieul. Ks. J. Bielawskiego 1136-200 Brzoz\u00f3wtel: 13 43 419 17e-mail: przedszkole2brzozow@przedszkola.brzozow.plwww: www.ps2.brzozow.pl Dyrektor:\u00a0Jolanta Szarek<\/p>\n","protected":false},"author":1,"featured_media":0,"parent":0,"menu_order":0,"comment_status":"closed","ping_status":"closed","template":"","meta":{"footnotes":""},"class_list":["post-293","page","type-page","status-publish","hentry"],"_links":{"self":[{"href":"https:\/\/zeas-brzozow.pl\/index.php?rest_route=\/wp\/v2\/pages\/293","targetHints":{"allow":["GET"]}}],"collection":[{"href":"https:\/\/zeas-brzozow.pl\/index.php?rest_route=\/wp\/v2\/pages"}],"about":[{"href":"https:\/\/zeas-brzozow.pl\/index.php?rest_route=\/wp\/v2\/types\/page"}],"author":[{"embeddable":true,"href":"https:\/\/zeas-brzozow.pl\/index.php?rest_route=\/wp\/v2\/users\/1"}],"replies":[{"embeddable":true,"href":"https:\/\/zeas-brzozow.pl\/index.php?rest_route=%2Fwp%2Fv2%2Fcomments&post=293"}],"version-history":[{"count":3,"href":"https:\/\/zeas-brzozow.pl\/index.php?rest_route=\/wp\/v2\/pages\/293\/revisions"}],"predecessor-version":[{"id":1291,"href":"https:\/\/zeas-brzozow.pl\/index.php?rest_route=\/wp\/v2\/pages\/293\/revisions\/1291"}],"wp:attachment":[{"href":"https:\/\/zeas-brzozow.pl\/index.php?rest_route=%2Fwp%2Fv2%2Fmedia&parent=293"}],"curies":[{"name":"wp","href":"https:\/\/api.w.org\/{rel}","templated":true}]}}