{"id":303,"date":"2024-03-05T19:23:58","date_gmt":"2024-03-05T18:23:58","guid":{"rendered":"http:\/\/demo.hashthemes.com\/square\/?page_id=303"},"modified":"2024-12-06T10:17:37","modified_gmt":"2024-12-06T09:17:37","slug":"przedszkole-grabownica-starzenska","status":"publish","type":"page","link":"https:\/\/zeas-brzozow.pl\/?page_id=303","title":{"rendered":"Przedszkole Samorz\u0105dowe w Grabownicy Starze\u0144skiej"},"content":{"rendered":"<p>Przedszkole Samorz\u0105dowe w Grabownicy Starze\u0144skiej<br \/>Grabownica 244<br \/>36-207 Grabownica Starze\u0144ska<br \/>tel. 13 439 51 48<br \/>e-mail:\u00a0<a role=\"link\" href=\"mailto:grabownicaps@gmail.com\">grabownicaps@gmail.com<\/a><br \/><a role=\"link\" href=\"http:\/\/psgrabownica.brzozow.pl\/\" target=\"_blank\" rel=\"nofollow noopener noreferrer\">www.psgrabownica.brzozow.pl<\/a><\/p>\n<p>Dyrektor: <strong>Zofia Wojnowska<\/strong><\/p>\n\n\n<iframe src=\"https:\/\/www.google.com\/maps\/embed?pb=!1m18!1m12!1m3!1d10329.621994902314!2d22.072263275768293!3d49.66549995154599!2m3!1f0!2f0!3f0!3m2!1i1024!2i768!4f13.1!3m3!1m2!1s0x473c69a4a53b97d9%3A0x8760daad22770444!2sPrzedszkole!5e0!3m2!1spl!2sus!4v1729598168231!5m2!1spl!2sus\" width=\"600\" height=\"450\" style=\"border:0;\" allowfullscreen=\"\" loading=\"lazy\" referrerpolicy=\"no-referrer-when-downgrade\"><\/iframe>\n\n\n\n<p><\/p>\n","protected":false},"excerpt":{"rendered":"<p>Przedszkole Samorz\u0105dowe w Grabownicy Starze\u0144skiejGrabownica 24436-207 Grabownica Starze\u0144skatel. 13 439 51 48e-mail:\u00a0grabownicaps@gmail.comwww.psgrabownica.brzozow.pl Dyrektor: Zofia Wojnowska<\/p>\n","protected":false},"author":1,"featured_media":0,"parent":0,"menu_order":0,"comment_status":"closed","ping_status":"closed","template":"","meta":{"footnotes":""},"class_list":["post-303","page","type-page","status-publish","hentry"],"_links":{"self":[{"href":"https:\/\/zeas-brzozow.pl\/index.php?rest_route=\/wp\/v2\/pages\/303","targetHints":{"allow":["GET"]}}],"collection":[{"href":"https:\/\/zeas-brzozow.pl\/index.php?rest_route=\/wp\/v2\/pages"}],"about":[{"href":"https:\/\/zeas-brzozow.pl\/index.php?rest_route=\/wp\/v2\/types\/page"}],"author":[{"embeddable":true,"href":"https:\/\/zeas-brzozow.pl\/index.php?rest_route=\/wp\/v2\/users\/1"}],"replies":[{"embeddable":true,"href":"https:\/\/zeas-brzozow.pl\/index.php?rest_route=%2Fwp%2Fv2%2Fcomments&post=303"}],"version-history":[{"count":6,"href":"https:\/\/zeas-brzozow.pl\/index.php?rest_route=\/wp\/v2\/pages\/303\/revisions"}],"predecessor-version":[{"id":1487,"href":"https:\/\/zeas-brzozow.pl\/index.php?rest_route=\/wp\/v2\/pages\/303\/revisions\/1487"}],"wp:attachment":[{"href":"https:\/\/zeas-brzozow.pl\/index.php?rest_route=%2Fwp%2Fv2%2Fmedia&parent=303"}],"curies":[{"name":"wp","href":"https:\/\/api.w.org\/{rel}","templated":true}]}}