{"id":314,"date":"2024-03-13T17:37:23","date_gmt":"2024-03-13T16:37:23","guid":{"rendered":"http:\/\/demo.hashthemes.com\/square\/?page_id=314"},"modified":"2024-11-26T09:28:04","modified_gmt":"2024-11-26T08:28:04","slug":"szkola-podstawowa-brzozow","status":"publish","type":"page","link":"https:\/\/zeas-brzozow.pl\/?page_id=314","title":{"rendered":"Szko\u0142a Podstawowa nr 1 im. Prof. W\u0142adys\u0142awa Szafera w Brzozowie"},"content":{"rendered":"<p style=\"text-align: center;\">Szko\u0142a Podstawowa nr 1 im. prof. W\u0142adys\u0142awa Szafera w Brzozowie<br \/>ul. Parkowa 5 (siedziba szko\u0142y, klasy IV-VIII)<br \/>ul. 1000-lecia 29 (klasy I-III i klasa 0)<br \/>36-200 Brzoz\u00f3w<br \/>tel. 13 434 19 37<br \/>e-mail:\u00a0<a role=\"link\" href=\"mailto:sp@spbrzozow.pl\">sp@spbrzozow.pl<\/a><br \/><a role=\"link\" href=\"http:\/\/www.spbrzozow.pl\/\" target=\"_blank\" rel=\"nofollow noopener noreferrer\">www.spbrzozow.pl<\/a><\/p>\n<p style=\"text-align: center;\">Dyrektor: <strong>Tomasz \u017bak<\/strong><\/p>\n<p>\u00a0<\/p>\n\n\n<iframe src=\"https:\/\/www.google.com\/maps\/embed?pb=!1m14!1m8!1m3!1d5161.918946056537!2d22.014024!3d49.692736!3m2!1i1024!2i768!4f13.1!3m3!1m2!1s0x473c42f160fe9f65%3A0x9617a8f49a0e7f56!2sSzko%C5%82a%20Podstawowa%20nr%201%20im.%20W%C5%82adys%C5%82awa%20Szafera%20w%20Brzozowie!5e0!3m2!1spl!2sus!4v1729596899280!5m2!1spl!2sus\" width=\"600\" height=\"450\" style=\"border:1px solid black; border-radius:10px;\" allowfullscreen=\"\" loading=\"lazy\" referrerpolicy=\"no-referrer-when-downgrade\"><\/iframe>\n","protected":false},"excerpt":{"rendered":"<p>Szko\u0142a Podstawowa nr 1 im. prof. W\u0142adys\u0142awa Szafera w Brzozowieul. Parkowa 5 (siedziba szko\u0142y, klasy IV-VIII)ul. 1000-lecia 29 (klasy I-III i klasa 0)36-200 Brzoz\u00f3wtel. 13 434 19 37e-mail:\u00a0sp@spbrzozow.plwww.spbrzozow.pl Dyrektor: Tomasz \u017bak \u00a0<\/p>\n","protected":false},"author":1,"featured_media":0,"parent":0,"menu_order":0,"comment_status":"closed","ping_status":"closed","template":"","meta":{"footnotes":""},"class_list":["post-314","page","type-page","status-publish","hentry"],"_links":{"self":[{"href":"https:\/\/zeas-brzozow.pl\/index.php?rest_route=\/wp\/v2\/pages\/314","targetHints":{"allow":["GET"]}}],"collection":[{"href":"https:\/\/zeas-brzozow.pl\/index.php?rest_route=\/wp\/v2\/pages"}],"about":[{"href":"https:\/\/zeas-brzozow.pl\/index.php?rest_route=\/wp\/v2\/types\/page"}],"author":[{"embeddable":true,"href":"https:\/\/zeas-brzozow.pl\/index.php?rest_route=\/wp\/v2\/users\/1"}],"replies":[{"embeddable":true,"href":"https:\/\/zeas-brzozow.pl\/index.php?rest_route=%2Fwp%2Fv2%2Fcomments&post=314"}],"version-history":[{"count":1,"href":"https:\/\/zeas-brzozow.pl\/index.php?rest_route=\/wp\/v2\/pages\/314\/revisions"}],"predecessor-version":[{"id":1111,"href":"https:\/\/zeas-brzozow.pl\/index.php?rest_route=\/wp\/v2\/pages\/314\/revisions\/1111"}],"wp:attachment":[{"href":"https:\/\/zeas-brzozow.pl\/index.php?rest_route=%2Fwp%2Fv2%2Fmedia&parent=314"}],"curies":[{"name":"wp","href":"https:\/\/api.w.org\/{rel}","templated":true}]}}