{"id":41,"date":"2024-10-09T18:26:39","date_gmt":"2024-10-09T16:26:39","guid":{"rendered":"http:\/\/demo.hashthemes.com\/square\/?page_id=41"},"modified":"2024-12-05T08:41:13","modified_gmt":"2024-12-05T07:41:13","slug":"o-nas","status":"publish","type":"page","link":"https:\/\/zeas-brzozow.pl\/?page_id=41","title":{"rendered":"O nas"},"content":{"rendered":"\n<p>Zesp\u00f3\u0142 Ekonomiczno\u2013Administracyjny Szk\u00f3\u0142 w Brzozowie, zwany dalej \u201eZEAS\u201d, powsta\u0142 1 lipca 1995r. na mocy Uchwa\u0142y Rady Miejskiej w Brzozowie. Jest jednostk\u0105 organizacyjn\u0105 Gminy Brzoz\u00f3w, kt\u00f3ra prowadzi obs\u0142ug\u0119 przedszkoli, szk\u00f3\u0142 podstawowych, gimnazj\u00f3w oraz zespo\u0142\u00f3w szk\u00f3\u0142 na terenie Gminy Brzoz\u00f3w w zakresie ekonomicznym, organizacyjnym i remontowym. Dodatkowo, jest jednostk\u0105 bud\u017cetow\u0105, nad kt\u00f3r\u0105 nadz\u00f3r sprawuje Burmistrz Brzozowa. Siedzib\u0105 ZEAS jest budynek Szko\u0142y Podstawowej Nr 1 w Brzozowie przy ul. 1000-lecia 29. Prac\u0105 Zespo\u0142u Ekonomiczno\u2013Administracyjnego Szk\u00f3\u0142 w Brzozowie kieruje Dyrektor, kt\u00f3ry zarz\u0105dza ca\u0142okszta\u0142tem dzia\u0142alno\u015bci przy \u015bcis\u0142ej wsp\u00f3\u0142pracy z Dyrektorami obs\u0142ugiwanych plac\u00f3wek o\u015bwiatowych Gminy Brzoz\u00f3w. Struktura organizacyjna ZEAS jest bezwydzia\u0142owa.<\/p>\n\n\n\n<p>   <\/p>\n\n\n\n<div class=\"wp-block-buttons is-content-justification-center is-layout-flex wp-container-core-buttons-is-layout-c124d1c4 wp-block-buttons-is-layout-flex\">\n<div class=\"wp-block-button\"><a class=\"wp-block-button__link has-text-align-center wp-element-button\" href=\"https:\/\/nowa.zeas-brzozow.pl\/?page_id=127\">Nasze zadania<\/a><\/div>\n<\/div>\n\n\n\n<p><\/p>\n","protected":false},"excerpt":{"rendered":"<p>Zesp\u00f3\u0142 Ekonomiczno\u2013Administracyjny Szk\u00f3\u0142 w Brzozowie, zwany dalej \u201eZEAS\u201d, powsta\u0142 1 lipca 1995r. na mocy Uchwa\u0142y Rady Miejskiej w Brzozowie. Jest jednostk\u0105 organizacyjn\u0105 Gminy Brzoz\u00f3w, kt\u00f3ra prowadzi obs\u0142ug\u0119 przedszkoli, szk\u00f3\u0142 podstawowych, gimnazj\u00f3w oraz zespo\u0142\u00f3w szk\u00f3\u0142 na terenie Gminy Brzoz\u00f3w w zakresie ekonomicznym, organizacyjnym i remontowym. Dodatkowo, jest jednostk\u0105 bud\u017cetow\u0105, nad kt\u00f3r\u0105 nadz\u00f3r sprawuje Burmistrz Brzozowa. Siedzib\u0105 [&hellip;]<\/p>\n","protected":false},"author":1,"featured_media":0,"parent":0,"menu_order":0,"comment_status":"closed","ping_status":"closed","template":"","meta":{"footnotes":""},"class_list":["post-41","page","type-page","status-publish","hentry"],"_links":{"self":[{"href":"https:\/\/zeas-brzozow.pl\/index.php?rest_route=\/wp\/v2\/pages\/41","targetHints":{"allow":["GET"]}}],"collection":[{"href":"https:\/\/zeas-brzozow.pl\/index.php?rest_route=\/wp\/v2\/pages"}],"about":[{"href":"https:\/\/zeas-brzozow.pl\/index.php?rest_route=\/wp\/v2\/types\/page"}],"author":[{"embeddable":true,"href":"https:\/\/zeas-brzozow.pl\/index.php?rest_route=\/wp\/v2\/users\/1"}],"replies":[{"embeddable":true,"href":"https:\/\/zeas-brzozow.pl\/index.php?rest_route=%2Fwp%2Fv2%2Fcomments&post=41"}],"version-history":[{"count":7,"href":"https:\/\/zeas-brzozow.pl\/index.php?rest_route=\/wp\/v2\/pages\/41\/revisions"}],"predecessor-version":[{"id":1462,"href":"https:\/\/zeas-brzozow.pl\/index.php?rest_route=\/wp\/v2\/pages\/41\/revisions\/1462"}],"wp:attachment":[{"href":"https:\/\/zeas-brzozow.pl\/index.php?rest_route=%2Fwp%2Fv2%2Fmedia&parent=41"}],"curies":[{"name":"wp","href":"https:\/\/api.w.org\/{rel}","templated":true}]}}