{"id":90,"date":"2024-10-05T17:34:03","date_gmt":"2024-10-05T15:34:03","guid":{"rendered":"http:\/\/demo.hashthemes.com\/square\/?page_id=90"},"modified":"2024-11-26T09:28:57","modified_gmt":"2024-11-26T08:28:57","slug":"szkola-podstawowa-2-humniska","status":"publish","type":"page","link":"https:\/\/zeas-brzozow.pl\/?page_id=90","title":{"rendered":"Szko\u0142a Podstawowa nr 2 im. Ignacego \u0141ukasiewicza w Humniskach"},"content":{"rendered":"<p>Szko\u0142a Podstawowa nr 2 im. Ignacego \u0141ukasiewicza w Humniskach<br \/>36-206 Humniska 877<br \/>tel. 13 434 17 87<br \/>e-mail:\u00a0<a role=\"link\" href=\"mailto:zs2humniska@interia.pl\">zs2humniska@interia.pl<\/a><br \/><a role=\"link\" href=\"https:\/\/sp2humniska.pl\/\" target=\"_blank\" rel=\"nofollow noopener noreferrer\">www.sp2humniska.pl<\/a><\/p>\n<p>Dyrektor: <strong>Wojciech Niezgodzki<\/strong><\/p>\n\n\n<iframe src=\"https:\/\/www.google.com\/maps\/embed?pb=!1m18!1m12!1m3!1d4341.381378819103!2d22.030124235000592!3d49.68442449226789!2m3!1f0!2f0!3f0!3m2!1i1024!2i768!4f13.1!3m3!1m2!1s0x473c43d0306d3121%3A0xc5e74f702baa5d06!2sSzko%C5%82a%20Podstawowa%20nr%202%20w%20Humniskach!5e0!3m2!1spl!2sus!4v1729601758207!5m2!1spl!2sus\" width=\"600\" height=\"450\" style=\"border:1px solid black;border-radius:10px;\" allowfullscreen=\"\" loading=\"lazy\" referrerpolicy=\"no-referrer-when-downgrade\"><\/iframe>\n","protected":false},"excerpt":{"rendered":"<p>Szko\u0142a Podstawowa nr 2 im. Ignacego \u0141ukasiewicza w Humniskach36-206 Humniska 877tel. 13 434 17 87e-mail:\u00a0zs2humniska@interia.plwww.sp2humniska.pl Dyrektor: Wojciech Niezgodzki<\/p>\n","protected":false},"author":1,"featured_media":0,"parent":0,"menu_order":0,"comment_status":"closed","ping_status":"closed","template":"","meta":{"footnotes":""},"class_list":["post-90","page","type-page","status-publish","hentry"],"_links":{"self":[{"href":"https:\/\/zeas-brzozow.pl\/index.php?rest_route=\/wp\/v2\/pages\/90","targetHints":{"allow":["GET"]}}],"collection":[{"href":"https:\/\/zeas-brzozow.pl\/index.php?rest_route=\/wp\/v2\/pages"}],"about":[{"href":"https:\/\/zeas-brzozow.pl\/index.php?rest_route=\/wp\/v2\/types\/page"}],"author":[{"embeddable":true,"href":"https:\/\/zeas-brzozow.pl\/index.php?rest_route=\/wp\/v2\/users\/1"}],"replies":[{"embeddable":true,"href":"https:\/\/zeas-brzozow.pl\/index.php?rest_route=%2Fwp%2Fv2%2Fcomments&post=90"}],"version-history":[{"count":3,"href":"https:\/\/zeas-brzozow.pl\/index.php?rest_route=\/wp\/v2\/pages\/90\/revisions"}],"predecessor-version":[{"id":1142,"href":"https:\/\/zeas-brzozow.pl\/index.php?rest_route=\/wp\/v2\/pages\/90\/revisions\/1142"}],"wp:attachment":[{"href":"https:\/\/zeas-brzozow.pl\/index.php?rest_route=%2Fwp%2Fv2%2Fmedia&parent=90"}],"curies":[{"name":"wp","href":"https:\/\/api.w.org\/{rel}","templated":true}]}}