{"id":98,"date":"2024-10-05T17:38:24","date_gmt":"2024-10-05T15:38:24","guid":{"rendered":"http:\/\/demo.hashthemes.com\/square\/?page_id=98"},"modified":"2024-11-26T09:27:44","modified_gmt":"2024-11-26T08:27:44","slug":"szkola-podstawowa-grabownica-starzenska","status":"publish","type":"page","link":"https:\/\/zeas-brzozow.pl\/?page_id=98","title":{"rendered":"Szko\u0142a Podstawowa im. Marii Konopnickiej w Grabownicy Starze\u0144skiej"},"content":{"rendered":"\n\n\n<p>Szko\u0142a Podstawowa im. Marii Konopnickiej w Grabownicy Starze\u0144skiej<br>Grabownica Starze\u0144ska 584<br>36-207 Grabownica Starze\u0144ska<br>tel. 13 439 50 12<br>e-mail:&nbsp;<a href=\"mailto:szkola@spgrabownica.pl\" target=\"_blank\" rel=\"noreferrer noopener\">szkola@spgrabownica.pl<\/a><br><a href=\"https:\/\/spgrabownica.pl\/\" target=\"_blank\" rel=\"noreferrer noopener\">www.spgrabownica.pl<\/a><\/p>\n\n\n\n<p>Dyrektor: <strong>Mariusz Ha\u0142asik<\/strong><\/p>\n\n\n\n<iframe src=\"https:\/\/www.google.com\/maps\/embed?pb=!1m14!1m8!1m3!1d13399.577071552265!2d22.077112772803023!3d49.65200699482225!3m2!1i1024!2i768!4f13.1!3m3!1m2!1s0x473c69a4a51fe4bd%3A0x94a167541ad907fc!2sSzko%C5%82a%20Podstawowa!5e0!3m2!1spl!2sus!4v1729599571567!5m2!1spl!2sus\" width=\"600\" height=\"450\" style=\"border:1px solid black;border-radius: 10px;\" allowfullscreen=\"\" loading=\"lazy\" referrerpolicy=\"no-referrer-when-downgrade\"><\/iframe>\n","protected":false},"excerpt":{"rendered":"<p>Szko\u0142a Podstawowa im. Marii Konopnickiej w Grabownicy Starze\u0144skiejGrabownica Starze\u0144ska 58436-207 Grabownica Starze\u0144skatel. 13 439 50 12e-mail:&nbsp;szkola@spgrabownica.plwww.spgrabownica.pl Dyrektor: Mariusz Ha\u0142asik<\/p>\n","protected":false},"author":1,"featured_media":0,"parent":0,"menu_order":0,"comment_status":"closed","ping_status":"closed","template":"","meta":{"footnotes":""},"class_list":["post-98","page","type-page","status-publish","hentry"],"_links":{"self":[{"href":"https:\/\/zeas-brzozow.pl\/index.php?rest_route=\/wp\/v2\/pages\/98","targetHints":{"allow":["GET"]}}],"collection":[{"href":"https:\/\/zeas-brzozow.pl\/index.php?rest_route=\/wp\/v2\/pages"}],"about":[{"href":"https:\/\/zeas-brzozow.pl\/index.php?rest_route=\/wp\/v2\/types\/page"}],"author":[{"embeddable":true,"href":"https:\/\/zeas-brzozow.pl\/index.php?rest_route=\/wp\/v2\/users\/1"}],"replies":[{"embeddable":true,"href":"https:\/\/zeas-brzozow.pl\/index.php?rest_route=%2Fwp%2Fv2%2Fcomments&post=98"}],"version-history":[{"count":4,"href":"https:\/\/zeas-brzozow.pl\/index.php?rest_route=\/wp\/v2\/pages\/98\/revisions"}],"predecessor-version":[{"id":1292,"href":"https:\/\/zeas-brzozow.pl\/index.php?rest_route=\/wp\/v2\/pages\/98\/revisions\/1292"}],"wp:attachment":[{"href":"https:\/\/zeas-brzozow.pl\/index.php?rest_route=%2Fwp%2Fv2%2Fmedia&parent=98"}],"curies":[{"name":"wp","href":"https:\/\/api.w.org\/{rel}","templated":true}]}}